{"id":9296,"date":"2021-11-22T13:23:03","date_gmt":"2021-11-22T16:23:03","guid":{"rendered":"https:\/\/faracodeazevedo.com.br\/?page_id=9296"},"modified":"2021-12-09T21:35:35","modified_gmt":"2021-12-10T00:35:35","slug":"perfil","status":"publish","type":"page","link":"https:\/\/faracodeazevedo.com.br\/index.php\/perfil\/","title":{"rendered":"Perfil"},"content":{"rendered":"\t\t<div data-elementor-type=\"wp-post\" data-elementor-id=\"9296\" class=\"elementor elementor-9296\" data-elementor-post-type=\"page\">\n\t\t\t\t\t\t<section class=\"elementor-section elementor-top-section elementor-element elementor-element-becabb2 elementor-section-boxed elementor-section-height-default elementor-section-height-default\" data-id=\"becabb2\" data-element_type=\"section\">\n\t\t\t\t\t\t<div class=\"elementor-container elementor-column-gap-default\">\n\t\t\t\t\t<div class=\"elementor-column elementor-col-100 elementor-top-column elementor-element elementor-element-99237ac\" data-id=\"99237ac\" data-element_type=\"column\">\n\t\t\t<div class=\"elementor-widget-wrap elementor-element-populated\">\n\t\t\t\t\t\t<div class=\"elementor-element elementor-element-6a1fdc9 elementor-widget elementor-widget-spacer\" data-id=\"6a1fdc9\" data-element_type=\"widget\" data-widget_type=\"spacer.default\">\n\t\t\t\t<div class=\"elementor-widget-container\">\n\t\t\t<style>\/*! elementor - v3.19.0 - 29-01-2024 *\/\n.elementor-column .elementor-spacer-inner{height:var(--spacer-size)}.e-con{--container-widget-width:100%}.e-con-inner>.elementor-widget-spacer,.e-con>.elementor-widget-spacer{width:var(--container-widget-width,var(--spacer-size));--align-self:var(--container-widget-align-self,initial);--flex-shrink:0}.e-con-inner>.elementor-widget-spacer>.elementor-widget-container,.e-con>.elementor-widget-spacer>.elementor-widget-container{height:100%;width:100%}.e-con-inner>.elementor-widget-spacer>.elementor-widget-container>.elementor-spacer,.e-con>.elementor-widget-spacer>.elementor-widget-container>.elementor-spacer{height:100%}.e-con-inner>.elementor-widget-spacer>.elementor-widget-container>.elementor-spacer>.elementor-spacer-inner,.e-con>.elementor-widget-spacer>.elementor-widget-container>.elementor-spacer>.elementor-spacer-inner{height:var(--container-widget-height,var(--spacer-size))}.e-con-inner>.elementor-widget-spacer.elementor-widget-empty,.e-con>.elementor-widget-spacer.elementor-widget-empty{position:relative;min-height:22px;min-width:22px}.e-con-inner>.elementor-widget-spacer.elementor-widget-empty .elementor-widget-empty-icon,.e-con>.elementor-widget-spacer.elementor-widget-empty .elementor-widget-empty-icon{position:absolute;top:0;bottom:0;left:0;right:0;margin:auto;padding:0;width:22px;height:22px}<\/style>\t\t<div class=\"elementor-spacer\">\n\t\t\t<div class=\"elementor-spacer-inner\"><\/div>\n\t\t<\/div>\n\t\t\t\t<\/div>\n\t\t\t\t<\/div>\n\t\t\t\t\t<\/div>\n\t\t<\/div>\n\t\t\t\t\t<\/div>\n\t\t<\/section>\n\t\t\t\t<section class=\"elementor-section elementor-top-section elementor-element elementor-element-0d0ee3f elementor-section-boxed elementor-section-height-default elementor-section-height-default\" data-id=\"0d0ee3f\" data-element_type=\"section\">\n\t\t\t\t\t\t<div class=\"elementor-container elementor-column-gap-default\">\n\t\t\t\t\t<div class=\"elementor-column elementor-col-100 elementor-top-column elementor-element elementor-element-e5b8190\" data-id=\"e5b8190\" data-element_type=\"column\">\n\t\t\t<div class=\"elementor-widget-wrap elementor-element-populated\">\n\t\t\t\t\t\t<div class=\"elementor-element elementor-element-b535c2b elementor-widget elementor-widget-text-editor\" data-id=\"b535c2b\" data-element_type=\"widget\" data-widget_type=\"text-editor.default\">\n\t\t\t\t<div class=\"elementor-widget-container\">\n\t\t\t<style>\/*! elementor - v3.19.0 - 29-01-2024 *\/\n.elementor-widget-text-editor.elementor-drop-cap-view-stacked .elementor-drop-cap{background-color:#69727d;color:#fff}.elementor-widget-text-editor.elementor-drop-cap-view-framed .elementor-drop-cap{color:#69727d;border:3px solid;background-color:transparent}.elementor-widget-text-editor:not(.elementor-drop-cap-view-default) .elementor-drop-cap{margin-top:8px}.elementor-widget-text-editor:not(.elementor-drop-cap-view-default) .elementor-drop-cap-letter{width:1em;height:1em}.elementor-widget-text-editor .elementor-drop-cap{float:left;text-align:center;line-height:1;font-size:50px}.elementor-widget-text-editor .elementor-drop-cap-letter{display:inline-block}<\/style>\t\t\t\t<h1>Faraco de Azevedo Advogados<\/h1>\t\t\t\t\t\t<\/div>\n\t\t\t\t<\/div>\n\t\t\t\t\t<\/div>\n\t\t<\/div>\n\t\t\t\t\t<\/div>\n\t\t<\/section>\n\t\t\t\t<section class=\"elementor-section elementor-top-section elementor-element elementor-element-c94ba73 elementor-section-boxed elementor-section-height-default elementor-section-height-default\" data-id=\"c94ba73\" data-element_type=\"section\">\n\t\t\t\t\t\t<div class=\"elementor-container elementor-column-gap-default\">\n\t\t\t\t\t<div class=\"elementor-column elementor-col-100 elementor-top-column elementor-element elementor-element-1025d6d\" data-id=\"1025d6d\" data-element_type=\"column\">\n\t\t\t<div class=\"elementor-widget-wrap elementor-element-populated\">\n\t\t\t\t\t\t<div class=\"elementor-element elementor-element-c2e1683 elementor-widget elementor-widget-text-editor\" data-id=\"c2e1683\" data-element_type=\"widget\" data-widget_type=\"text-editor.default\">\n\t\t\t\t<div class=\"elementor-widget-container\">\n\t\t\t\t\t\t\t<p><strong>FARACO DE AZEVEDO ADVOGADOS<\/strong>\u00a0\u00e9 um escrit\u00f3rio fundado no ano de 1951 pelo advogado H\u00e9lio Faraco de Azevedo que preserva os mesmos valores em que inicialmente se inspirou: trabalho, estudo e dignidade.<\/p><p>Trata-se, pois, de um escrit\u00f3rio tradicional no Rio Grande do Sul, que sustenta o esp\u00edrito de luta e a lealdade absoluta aos clientes.<\/p><p>A sua hist\u00f3ria \u00e9 de constante renova\u00e7\u00e3o sendo exigido dos profissionais que comp\u00f5em a banca o culto aos valores \u00e9ticos e profissionais origin\u00e1rios e permanente atualiza\u00e7\u00e3o.<\/p><p>Al\u00e9m disso, a pr\u00e1tica da vida acad\u00eamica que se insere na atividade de alguns profissionais tem sido fundamental para manter uma constante renova\u00e7\u00e3o e um permanente contato com as altera\u00e7\u00f5es a que tem sido submetida a ordem jur\u00eddica, seja em virtude de promulga\u00e7\u00e3o de novas leis, seja em virtude de atualiza\u00e7\u00e3o jurisprudencial.<\/p><p>O exerc\u00edcio da advocacia tem sido feito da forma mais subordinada aos princ\u00edpios \u00e9ticos que a informam, tanto quando praticada em car\u00e1ter consultivo, preventivo, quanto judicial.<\/p><p>A consultoria \u00e9 praticada elaborando pareceres, participando de reuni\u00f5es onde quer que se torne necess\u00e1rio e estabelecendo estrat\u00e9gias para a prote\u00e7\u00e3o dos clientes.<\/p><p>O exerc\u00edcio da advocacia judicial vale-se de uma experi\u00eancia que foi adquirida em mais de 35.000 processos, tamb\u00e9m administrativos, em todas as inst\u00e2ncias, inclusive nos Tribunais Superiores que est\u00e3o em Bras\u00edlia.<\/p><p>Essa experi\u00eancia \u00e9 relativa a todos os ramos do direito, conforme as \u00e1reas de atua\u00e7\u00e3o do escrit\u00f3rio. Tamb\u00e9m exerce ampla atividade paralegal junto \u00e0 \u00f3rg\u00e3os p\u00fablicos e reparti\u00e7\u00f5es, cart\u00f3rios especiais, registros legais, completando a prote\u00e7\u00e3o aos clientes.<\/p><p>Conta com ampla e qualificada biblioteca, que se iniciou com a funda\u00e7\u00e3o e que coleciona cl\u00e1ssicos nacionais e estrangeiros.<\/p><p>Mant\u00e9m um bem equipado centro de inform\u00e1tica e comunica\u00e7\u00e3o, operado por profissionais competentes e que facilita o contato com clientes.<\/p>\t\t\t\t\t\t<\/div>\n\t\t\t\t<\/div>\n\t\t\t\t\t<\/div>\n\t\t<\/div>\n\t\t\t\t\t<\/div>\n\t\t<\/section>\n\t\t\t\t<\/div>\n\t\t","protected":false},"excerpt":{"rendered":"<p>Faraco de Azevedo Advogados FARACO DE AZEVEDO ADVOGADOS\u00a0\u00e9 um escrit\u00f3rio fundado no ano de 1951 pelo advogado H\u00e9lio Faraco de Azevedo que preserva os mesmos valores em que inicialmente se inspirou: trabalho, estudo e dignidade. Trata-se, pois, de um escrit\u00f3rio tradicional no Rio Grande do Sul, que sustenta o esp\u00edrito de luta e a lealdade &hellip; <\/p>\n<p class=\"link-more\"><a href=\"https:\/\/faracodeazevedo.com.br\/index.php\/perfil\/\" class=\"more-link\">Continue lendo<span class=\"screen-reader-text\"> &#8220;Perfil&#8221;<\/span><\/a><\/p>\n","protected":false},"author":1,"featured_media":0,"parent":0,"menu_order":0,"comment_status":"closed","ping_status":"closed","template":"elementor_header_footer","meta":{"footnotes":""},"class_list":["post-9296","page","type-page","status-publish","hentry","entry"],"_links":{"self":[{"href":"https:\/\/faracodeazevedo.com.br\/index.php\/wp-json\/wp\/v2\/pages\/9296","targetHints":{"allow":["GET"]}}],"collection":[{"href":"https:\/\/faracodeazevedo.com.br\/index.php\/wp-json\/wp\/v2\/pages"}],"about":[{"href":"https:\/\/faracodeazevedo.com.br\/index.php\/wp-json\/wp\/v2\/types\/page"}],"author":[{"embeddable":true,"href":"https:\/\/faracodeazevedo.com.br\/index.php\/wp-json\/wp\/v2\/users\/1"}],"replies":[{"embeddable":true,"href":"https:\/\/faracodeazevedo.com.br\/index.php\/wp-json\/wp\/v2\/comments?post=9296"}],"version-history":[{"count":7,"href":"https:\/\/faracodeazevedo.com.br\/index.php\/wp-json\/wp\/v2\/pages\/9296\/revisions"}],"predecessor-version":[{"id":9899,"href":"https:\/\/faracodeazevedo.com.br\/index.php\/wp-json\/wp\/v2\/pages\/9296\/revisions\/9899"}],"wp:attachment":[{"href":"https:\/\/faracodeazevedo.com.br\/index.php\/wp-json\/wp\/v2\/media?parent=9296"}],"curies":[{"name":"wp","href":"https:\/\/api.w.org\/{rel}","templated":true}]}}