{"id":9215,"date":"2021-11-19T18:25:33","date_gmt":"2021-11-19T21:25:33","guid":{"rendered":"https:\/\/faracodeazevedo.com.br\/?page_id=9215"},"modified":"2021-11-19T19:24:17","modified_gmt":"2021-11-19T22:24:17","slug":"alexandre-leturiondo-ercolani","status":"publish","type":"page","link":"https:\/\/faracodeazevedo.com.br\/index.php\/alexandre-leturiondo-ercolani\/","title":{"rendered":"Alexandre Leturiondo Ercolani"},"content":{"rendered":"\t\t<div data-elementor-type=\"wp-post\" data-elementor-id=\"9215\" class=\"elementor elementor-9215\" data-elementor-post-type=\"page\">\n\t\t\t\t\t\t<section class=\"elementor-section elementor-top-section elementor-element elementor-element-656b6dc8 elementor-section-boxed elementor-section-height-default elementor-section-height-default\" data-id=\"656b6dc8\" data-element_type=\"section\">\n\t\t\t\t\t\t<div class=\"elementor-container elementor-column-gap-default\">\n\t\t\t\t\t<div class=\"elementor-column elementor-col-100 elementor-top-column elementor-element elementor-element-111ceeb\" data-id=\"111ceeb\" data-element_type=\"column\">\n\t\t\t<div class=\"elementor-widget-wrap elementor-element-populated\">\n\t\t\t\t\t\t<div class=\"elementor-element elementor-element-301a2f92 elementor-widget elementor-widget-spacer\" data-id=\"301a2f92\" data-element_type=\"widget\" data-widget_type=\"spacer.default\">\n\t\t\t\t<div class=\"elementor-widget-container\">\n\t\t\t<style>\/*! elementor - v3.19.0 - 29-01-2024 *\/\n.elementor-column .elementor-spacer-inner{height:var(--spacer-size)}.e-con{--container-widget-width:100%}.e-con-inner>.elementor-widget-spacer,.e-con>.elementor-widget-spacer{width:var(--container-widget-width,var(--spacer-size));--align-self:var(--container-widget-align-self,initial);--flex-shrink:0}.e-con-inner>.elementor-widget-spacer>.elementor-widget-container,.e-con>.elementor-widget-spacer>.elementor-widget-container{height:100%;width:100%}.e-con-inner>.elementor-widget-spacer>.elementor-widget-container>.elementor-spacer,.e-con>.elementor-widget-spacer>.elementor-widget-container>.elementor-spacer{height:100%}.e-con-inner>.elementor-widget-spacer>.elementor-widget-container>.elementor-spacer>.elementor-spacer-inner,.e-con>.elementor-widget-spacer>.elementor-widget-container>.elementor-spacer>.elementor-spacer-inner{height:var(--container-widget-height,var(--spacer-size))}.e-con-inner>.elementor-widget-spacer.elementor-widget-empty,.e-con>.elementor-widget-spacer.elementor-widget-empty{position:relative;min-height:22px;min-width:22px}.e-con-inner>.elementor-widget-spacer.elementor-widget-empty .elementor-widget-empty-icon,.e-con>.elementor-widget-spacer.elementor-widget-empty .elementor-widget-empty-icon{position:absolute;top:0;bottom:0;left:0;right:0;margin:auto;padding:0;width:22px;height:22px}<\/style>\t\t<div class=\"elementor-spacer\">\n\t\t\t<div class=\"elementor-spacer-inner\"><\/div>\n\t\t<\/div>\n\t\t\t\t<\/div>\n\t\t\t\t<\/div>\n\t\t\t\t\t<\/div>\n\t\t<\/div>\n\t\t\t\t\t<\/div>\n\t\t<\/section>\n\t\t\t\t<section class=\"elementor-section elementor-top-section elementor-element elementor-element-1360ff6e elementor-section-boxed elementor-section-height-default elementor-section-height-default\" data-id=\"1360ff6e\" data-element_type=\"section\">\n\t\t\t\t\t\t<div class=\"elementor-container elementor-column-gap-default\">\n\t\t\t\t\t<div class=\"elementor-column elementor-col-33 elementor-top-column elementor-element elementor-element-4b4eb2f8\" data-id=\"4b4eb2f8\" data-element_type=\"column\">\n\t\t\t<div class=\"elementor-widget-wrap elementor-element-populated\">\n\t\t\t\t\t\t<div class=\"elementor-element elementor-element-3c49dd19 elementor-widget elementor-widget-image\" data-id=\"3c49dd19\" data-element_type=\"widget\" data-widget_type=\"image.default\">\n\t\t\t\t<div class=\"elementor-widget-container\">\n\t\t\t<style>\/*! elementor - v3.19.0 - 29-01-2024 *\/\n.elementor-widget-image{text-align:center}.elementor-widget-image a{display:inline-block}.elementor-widget-image a img[src$=\".svg\"]{width:48px}.elementor-widget-image img{vertical-align:middle;display:inline-block}<\/style>\t\t\t\t\t\t\t\t\t\t<img fetchpriority=\"high\" decoding=\"async\" width=\"640\" height=\"722\" src=\"https:\/\/faracodeazevedo.com.br\/wp-content\/uploads\/2021\/11\/Alexandre-Leturiondo-Ercolani.jpg\" class=\"attachment-large size-large wp-image-9150\" alt=\"\" srcset=\"https:\/\/faracodeazevedo.com.br\/wp-content\/uploads\/2021\/11\/Alexandre-Leturiondo-Ercolani.jpg 700w, https:\/\/faracodeazevedo.com.br\/wp-content\/uploads\/2021\/11\/Alexandre-Leturiondo-Ercolani-266x300.jpg 266w\" sizes=\"(max-width: 34.9rem) calc(100vw - 2rem), (max-width: 53rem) calc(8 * (100vw \/ 12)), (min-width: 53rem) calc(6 * (100vw \/ 12)), 100vw\" \/>\t\t\t\t\t\t\t\t\t\t\t\t\t<\/div>\n\t\t\t\t<\/div>\n\t\t\t\t\t<\/div>\n\t\t<\/div>\n\t\t\t\t<div class=\"elementor-column elementor-col-66 elementor-top-column elementor-element elementor-element-29a7059f\" data-id=\"29a7059f\" data-element_type=\"column\">\n\t\t\t<div class=\"elementor-widget-wrap elementor-element-populated\">\n\t\t\t\t\t\t<div class=\"elementor-element elementor-element-22ffb4b0 elementor-widget elementor-widget-text-editor\" data-id=\"22ffb4b0\" data-element_type=\"widget\" data-widget_type=\"text-editor.default\">\n\t\t\t\t<div class=\"elementor-widget-container\">\n\t\t\t<style>\/*! elementor - v3.19.0 - 29-01-2024 *\/\n.elementor-widget-text-editor.elementor-drop-cap-view-stacked .elementor-drop-cap{background-color:#69727d;color:#fff}.elementor-widget-text-editor.elementor-drop-cap-view-framed .elementor-drop-cap{color:#69727d;border:3px solid;background-color:transparent}.elementor-widget-text-editor:not(.elementor-drop-cap-view-default) .elementor-drop-cap{margin-top:8px}.elementor-widget-text-editor:not(.elementor-drop-cap-view-default) .elementor-drop-cap-letter{width:1em;height:1em}.elementor-widget-text-editor .elementor-drop-cap{float:left;text-align:center;line-height:1;font-size:50px}.elementor-widget-text-editor .elementor-drop-cap-letter{display:inline-block}<\/style>\t\t\t\t<h2>Alexandre Leturiondo Ercolani<\/h2>\t\t\t\t\t\t<\/div>\n\t\t\t\t<\/div>\n\t\t\t\t<div class=\"elementor-element elementor-element-4ea458b4 elementor-widget elementor-widget-text-editor\" data-id=\"4ea458b4\" data-element_type=\"widget\" data-widget_type=\"text-editor.default\">\n\t\t\t\t<div class=\"elementor-widget-container\">\n\t\t\t\t\t\t\t<a href=\"mailto:alexandre@faracodeazevedo.com.br\">alexandre@faracodeazevedo.com.br<\/a>\t\t\t\t\t\t<\/div>\n\t\t\t\t<\/div>\n\t\t\t\t<div class=\"elementor-element elementor-element-b07dabf elementor-widget elementor-widget-text-editor\" data-id=\"b07dabf\" data-element_type=\"widget\" data-widget_type=\"text-editor.default\">\n\t\t\t\t<div class=\"elementor-widget-container\">\n\t\t\t\t\t\t\t<p>\u00c1reas de Atua\u00e7\u00e3o<\/p><p>Tribut\u00e1rio, Societ\u00e1rio, Sucess\u00f5es<\/p><p>Forma\u00e7\u00e3o Acad\u00eamica<\/p><p>Pontif\u00edcia Universidade Cat\u00f3lica do Rio Grande do Sul (PUCRS) \u2013 2005<\/p><p>Extens\u00e3o universit\u00e1ria \u2013 UFRGS \u2013 2005 \u2013 Contratos Internacionais, Com\u00e9rcio Internacional e Direito Processual Internacional.<\/p><p>Especialista em Direito Tribut\u00e1rio pela UFRGS \u2013 2007<\/p><p>Academia Brasileira de Direito Tribut\u00e1rio<\/p><p>Membro da Academia Brasileira de Direito Tribut\u00e1rio \u2013 ABDT<\/p><p>Publica\u00e7\u00f5es<\/p><p>Autor de artigos em mat\u00e9ria de Direito Tribut\u00e1rio, publicados em revistas e jornais especializados.<\/p><p>Idiomas: Ingl\u00eas e Espanhol<\/p>\t\t\t\t\t\t<\/div>\n\t\t\t\t<\/div>\n\t\t\t\t\t<\/div>\n\t\t<\/div>\n\t\t\t\t\t<\/div>\n\t\t<\/section>\n\t\t\t\t<\/div>\n\t\t","protected":false},"excerpt":{"rendered":"<p>Alexandre Leturiondo Ercolani alexandre@faracodeazevedo.com.br \u00c1reas de Atua\u00e7\u00e3o Tribut\u00e1rio, Societ\u00e1rio, Sucess\u00f5es Forma\u00e7\u00e3o Acad\u00eamica Pontif\u00edcia Universidade Cat\u00f3lica do Rio Grande do Sul (PUCRS) \u2013 2005 Extens\u00e3o universit\u00e1ria \u2013 UFRGS \u2013 2005 \u2013 Contratos Internacionais, Com\u00e9rcio Internacional e Direito Processual Internacional. Especialista em Direito Tribut\u00e1rio pela UFRGS \u2013 2007 Academia Brasileira de Direito Tribut\u00e1rio Membro da Academia Brasileira &hellip; <\/p>\n<p class=\"link-more\"><a href=\"https:\/\/faracodeazevedo.com.br\/index.php\/alexandre-leturiondo-ercolani\/\" class=\"more-link\">Continue lendo<span class=\"screen-reader-text\"> &#8220;Alexandre Leturiondo Ercolani&#8221;<\/span><\/a><\/p>\n","protected":false},"author":1,"featured_media":0,"parent":0,"menu_order":0,"comment_status":"closed","ping_status":"closed","template":"elementor_header_footer","meta":{"footnotes":""},"class_list":["post-9215","page","type-page","status-publish","hentry","entry"],"_links":{"self":[{"href":"https:\/\/faracodeazevedo.com.br\/index.php\/wp-json\/wp\/v2\/pages\/9215","targetHints":{"allow":["GET"]}}],"collection":[{"href":"https:\/\/faracodeazevedo.com.br\/index.php\/wp-json\/wp\/v2\/pages"}],"about":[{"href":"https:\/\/faracodeazevedo.com.br\/index.php\/wp-json\/wp\/v2\/types\/page"}],"author":[{"embeddable":true,"href":"https:\/\/faracodeazevedo.com.br\/index.php\/wp-json\/wp\/v2\/users\/1"}],"replies":[{"embeddable":true,"href":"https:\/\/faracodeazevedo.com.br\/index.php\/wp-json\/wp\/v2\/comments?post=9215"}],"version-history":[{"count":7,"href":"https:\/\/faracodeazevedo.com.br\/index.php\/wp-json\/wp\/v2\/pages\/9215\/revisions"}],"predecessor-version":[{"id":9264,"href":"https:\/\/faracodeazevedo.com.br\/index.php\/wp-json\/wp\/v2\/pages\/9215\/revisions\/9264"}],"wp:attachment":[{"href":"https:\/\/faracodeazevedo.com.br\/index.php\/wp-json\/wp\/v2\/media?parent=9215"}],"curies":[{"name":"wp","href":"https:\/\/api.w.org\/{rel}","templated":true}]}}