{"id":9204,"date":"2021-11-19T18:20:18","date_gmt":"2021-11-19T21:20:18","guid":{"rendered":"https:\/\/faracodeazevedo.com.br\/?page_id=9204"},"modified":"2021-11-19T19:23:46","modified_gmt":"2021-11-19T22:23:46","slug":"lucia-jobim-de-azevedo","status":"publish","type":"page","link":"https:\/\/faracodeazevedo.com.br\/index.php\/lucia-jobim-de-azevedo\/","title":{"rendered":"L\u00facia Jobim de Azevedo"},"content":{"rendered":"\t\t<div data-elementor-type=\"wp-post\" data-elementor-id=\"9204\" class=\"elementor elementor-9204\" data-elementor-post-type=\"page\">\n\t\t\t\t\t\t<section class=\"elementor-section elementor-top-section elementor-element elementor-element-12a07bc elementor-section-boxed elementor-section-height-default elementor-section-height-default\" data-id=\"12a07bc\" data-element_type=\"section\">\n\t\t\t\t\t\t<div class=\"elementor-container elementor-column-gap-default\">\n\t\t\t\t\t<div class=\"elementor-column elementor-col-100 elementor-top-column elementor-element elementor-element-22a09e2\" data-id=\"22a09e2\" data-element_type=\"column\">\n\t\t\t<div class=\"elementor-widget-wrap elementor-element-populated\">\n\t\t\t\t\t\t<div class=\"elementor-element elementor-element-a7d6ef2 elementor-widget elementor-widget-spacer\" data-id=\"a7d6ef2\" data-element_type=\"widget\" data-widget_type=\"spacer.default\">\n\t\t\t\t<div class=\"elementor-widget-container\">\n\t\t\t<style>\/*! elementor - v3.19.0 - 29-01-2024 *\/\n.elementor-column .elementor-spacer-inner{height:var(--spacer-size)}.e-con{--container-widget-width:100%}.e-con-inner>.elementor-widget-spacer,.e-con>.elementor-widget-spacer{width:var(--container-widget-width,var(--spacer-size));--align-self:var(--container-widget-align-self,initial);--flex-shrink:0}.e-con-inner>.elementor-widget-spacer>.elementor-widget-container,.e-con>.elementor-widget-spacer>.elementor-widget-container{height:100%;width:100%}.e-con-inner>.elementor-widget-spacer>.elementor-widget-container>.elementor-spacer,.e-con>.elementor-widget-spacer>.elementor-widget-container>.elementor-spacer{height:100%}.e-con-inner>.elementor-widget-spacer>.elementor-widget-container>.elementor-spacer>.elementor-spacer-inner,.e-con>.elementor-widget-spacer>.elementor-widget-container>.elementor-spacer>.elementor-spacer-inner{height:var(--container-widget-height,var(--spacer-size))}.e-con-inner>.elementor-widget-spacer.elementor-widget-empty,.e-con>.elementor-widget-spacer.elementor-widget-empty{position:relative;min-height:22px;min-width:22px}.e-con-inner>.elementor-widget-spacer.elementor-widget-empty .elementor-widget-empty-icon,.e-con>.elementor-widget-spacer.elementor-widget-empty .elementor-widget-empty-icon{position:absolute;top:0;bottom:0;left:0;right:0;margin:auto;padding:0;width:22px;height:22px}<\/style>\t\t<div class=\"elementor-spacer\">\n\t\t\t<div class=\"elementor-spacer-inner\"><\/div>\n\t\t<\/div>\n\t\t\t\t<\/div>\n\t\t\t\t<\/div>\n\t\t\t\t\t<\/div>\n\t\t<\/div>\n\t\t\t\t\t<\/div>\n\t\t<\/section>\n\t\t\t\t<section class=\"elementor-section elementor-top-section elementor-element elementor-element-600eb8e6 elementor-section-boxed elementor-section-height-default elementor-section-height-default\" data-id=\"600eb8e6\" data-element_type=\"section\">\n\t\t\t\t\t\t<div class=\"elementor-container elementor-column-gap-default\">\n\t\t\t\t\t<div class=\"elementor-column elementor-col-33 elementor-top-column elementor-element elementor-element-f9db339\" data-id=\"f9db339\" data-element_type=\"column\">\n\t\t\t<div class=\"elementor-widget-wrap elementor-element-populated\">\n\t\t\t\t\t\t<div class=\"elementor-element elementor-element-52c6ea21 elementor-widget elementor-widget-image\" data-id=\"52c6ea21\" data-element_type=\"widget\" data-widget_type=\"image.default\">\n\t\t\t\t<div class=\"elementor-widget-container\">\n\t\t\t<style>\/*! elementor - v3.19.0 - 29-01-2024 *\/\n.elementor-widget-image{text-align:center}.elementor-widget-image a{display:inline-block}.elementor-widget-image a img[src$=\".svg\"]{width:48px}.elementor-widget-image img{vertical-align:middle;display:inline-block}<\/style>\t\t\t\t\t\t\t\t\t\t<img fetchpriority=\"high\" decoding=\"async\" width=\"640\" height=\"722\" src=\"https:\/\/faracodeazevedo.com.br\/wp-content\/uploads\/2021\/11\/Lucia-Jobim-de-Azevedo.jpg\" class=\"attachment-large size-large wp-image-9140\" alt=\"\" srcset=\"https:\/\/faracodeazevedo.com.br\/wp-content\/uploads\/2021\/11\/Lucia-Jobim-de-Azevedo.jpg 700w, https:\/\/faracodeazevedo.com.br\/wp-content\/uploads\/2021\/11\/Lucia-Jobim-de-Azevedo-266x300.jpg 266w\" sizes=\"(max-width: 34.9rem) calc(100vw - 2rem), (max-width: 53rem) calc(8 * (100vw \/ 12)), (min-width: 53rem) calc(6 * (100vw \/ 12)), 100vw\" \/>\t\t\t\t\t\t\t\t\t\t\t\t\t<\/div>\n\t\t\t\t<\/div>\n\t\t\t\t\t<\/div>\n\t\t<\/div>\n\t\t\t\t<div class=\"elementor-column elementor-col-66 elementor-top-column elementor-element elementor-element-4ecde10f\" data-id=\"4ecde10f\" data-element_type=\"column\">\n\t\t\t<div class=\"elementor-widget-wrap elementor-element-populated\">\n\t\t\t\t\t\t<div class=\"elementor-element elementor-element-cefe567 elementor-widget elementor-widget-text-editor\" data-id=\"cefe567\" data-element_type=\"widget\" data-widget_type=\"text-editor.default\">\n\t\t\t\t<div class=\"elementor-widget-container\">\n\t\t\t<style>\/*! elementor - v3.19.0 - 29-01-2024 *\/\n.elementor-widget-text-editor.elementor-drop-cap-view-stacked .elementor-drop-cap{background-color:#69727d;color:#fff}.elementor-widget-text-editor.elementor-drop-cap-view-framed .elementor-drop-cap{color:#69727d;border:3px solid;background-color:transparent}.elementor-widget-text-editor:not(.elementor-drop-cap-view-default) .elementor-drop-cap{margin-top:8px}.elementor-widget-text-editor:not(.elementor-drop-cap-view-default) .elementor-drop-cap-letter{width:1em;height:1em}.elementor-widget-text-editor .elementor-drop-cap{float:left;text-align:center;line-height:1;font-size:50px}.elementor-widget-text-editor .elementor-drop-cap-letter{display:inline-block}<\/style>\t\t\t\t<h2>L\u00facia Jobim de Azevedo<\/h2>\t\t\t\t\t\t<\/div>\n\t\t\t\t<\/div>\n\t\t\t\t<div class=\"elementor-element elementor-element-42378002 elementor-widget elementor-widget-text-editor\" data-id=\"42378002\" data-element_type=\"widget\" data-widget_type=\"text-editor.default\">\n\t\t\t\t<div class=\"elementor-widget-container\">\n\t\t\t\t\t\t\t<a href=\"mailto:lucia@faracodeazevedo.com.br\">lucia@faracodeazevedo.com.br<\/a>\t\t\t\t\t\t<\/div>\n\t\t\t\t<\/div>\n\t\t\t\t<div class=\"elementor-element elementor-element-bd9a7b6 elementor-widget elementor-widget-text-editor\" data-id=\"bd9a7b6\" data-element_type=\"widget\" data-widget_type=\"text-editor.default\">\n\t\t\t\t<div class=\"elementor-widget-container\">\n\t\t\t\t\t\t\t<p>Nascida em Porto Alegre, RS, 1960.<\/p><p>Educa\u00e7\u00e3o: Pontif\u00edcia Universidade Cat\u00f3lica do Rio Grande do Sul (PUCRS). Advogada: 1991.<\/p><p>Membro: Ordem dos Advogados do Brasil (OAB\/RS).<\/p><p>SATERGS, Sociedade de Advogados Trabalhistas de Empresas no Rio Grande do Sul.<\/p>\t\t\t\t\t\t<\/div>\n\t\t\t\t<\/div>\n\t\t\t\t\t<\/div>\n\t\t<\/div>\n\t\t\t\t\t<\/div>\n\t\t<\/section>\n\t\t\t\t<\/div>\n\t\t","protected":false},"excerpt":{"rendered":"<p>L\u00facia Jobim de Azevedo lucia@faracodeazevedo.com.br Nascida em Porto Alegre, RS, 1960. Educa\u00e7\u00e3o: Pontif\u00edcia Universidade Cat\u00f3lica do Rio Grande do Sul (PUCRS). Advogada: 1991. Membro: Ordem dos Advogados do Brasil (OAB\/RS). SATERGS, Sociedade de Advogados Trabalhistas de Empresas no Rio Grande do Sul.<\/p>\n","protected":false},"author":1,"featured_media":0,"parent":0,"menu_order":0,"comment_status":"closed","ping_status":"closed","template":"elementor_header_footer","meta":{"footnotes":""},"class_list":["post-9204","page","type-page","status-publish","hentry","entry"],"_links":{"self":[{"href":"https:\/\/faracodeazevedo.com.br\/index.php\/wp-json\/wp\/v2\/pages\/9204","targetHints":{"allow":["GET"]}}],"collection":[{"href":"https:\/\/faracodeazevedo.com.br\/index.php\/wp-json\/wp\/v2\/pages"}],"about":[{"href":"https:\/\/faracodeazevedo.com.br\/index.php\/wp-json\/wp\/v2\/types\/page"}],"author":[{"embeddable":true,"href":"https:\/\/faracodeazevedo.com.br\/index.php\/wp-json\/wp\/v2\/users\/1"}],"replies":[{"embeddable":true,"href":"https:\/\/faracodeazevedo.com.br\/index.php\/wp-json\/wp\/v2\/comments?post=9204"}],"version-history":[{"count":7,"href":"https:\/\/faracodeazevedo.com.br\/index.php\/wp-json\/wp\/v2\/pages\/9204\/revisions"}],"predecessor-version":[{"id":9261,"href":"https:\/\/faracodeazevedo.com.br\/index.php\/wp-json\/wp\/v2\/pages\/9204\/revisions\/9261"}],"wp:attachment":[{"href":"https:\/\/faracodeazevedo.com.br\/index.php\/wp-json\/wp\/v2\/media?parent=9204"}],"curies":[{"name":"wp","href":"https:\/\/api.w.org\/{rel}","templated":true}]}}