{"id":9173,"date":"2021-11-19T17:04:25","date_gmt":"2021-11-19T20:04:25","guid":{"rendered":"https:\/\/faracodeazevedo.com.br\/?page_id=9173"},"modified":"2021-11-19T18:11:40","modified_gmt":"2021-11-19T21:11:40","slug":"helio-faraco-de-azevedo","status":"publish","type":"page","link":"https:\/\/faracodeazevedo.com.br\/index.php\/helio-faraco-de-azevedo\/","title":{"rendered":"H\u00e9lio Faraco de Azevedo"},"content":{"rendered":"\t\t<div data-elementor-type=\"wp-post\" data-elementor-id=\"9173\" class=\"elementor elementor-9173\" data-elementor-post-type=\"page\">\n\t\t\t\t\t\t<section class=\"elementor-section elementor-top-section elementor-element elementor-element-30bc7e0 elementor-section-boxed elementor-section-height-default elementor-section-height-default\" data-id=\"30bc7e0\" data-element_type=\"section\">\n\t\t\t\t\t\t<div class=\"elementor-container elementor-column-gap-default\">\n\t\t\t\t\t<div class=\"elementor-column elementor-col-100 elementor-top-column elementor-element elementor-element-ddfda6f\" data-id=\"ddfda6f\" data-element_type=\"column\">\n\t\t\t<div class=\"elementor-widget-wrap elementor-element-populated\">\n\t\t\t\t\t\t<div class=\"elementor-element elementor-element-c91b58b elementor-widget elementor-widget-spacer\" data-id=\"c91b58b\" data-element_type=\"widget\" data-widget_type=\"spacer.default\">\n\t\t\t\t<div class=\"elementor-widget-container\">\n\t\t\t<style>\/*! elementor - v3.19.0 - 29-01-2024 *\/\n.elementor-column .elementor-spacer-inner{height:var(--spacer-size)}.e-con{--container-widget-width:100%}.e-con-inner>.elementor-widget-spacer,.e-con>.elementor-widget-spacer{width:var(--container-widget-width,var(--spacer-size));--align-self:var(--container-widget-align-self,initial);--flex-shrink:0}.e-con-inner>.elementor-widget-spacer>.elementor-widget-container,.e-con>.elementor-widget-spacer>.elementor-widget-container{height:100%;width:100%}.e-con-inner>.elementor-widget-spacer>.elementor-widget-container>.elementor-spacer,.e-con>.elementor-widget-spacer>.elementor-widget-container>.elementor-spacer{height:100%}.e-con-inner>.elementor-widget-spacer>.elementor-widget-container>.elementor-spacer>.elementor-spacer-inner,.e-con>.elementor-widget-spacer>.elementor-widget-container>.elementor-spacer>.elementor-spacer-inner{height:var(--container-widget-height,var(--spacer-size))}.e-con-inner>.elementor-widget-spacer.elementor-widget-empty,.e-con>.elementor-widget-spacer.elementor-widget-empty{position:relative;min-height:22px;min-width:22px}.e-con-inner>.elementor-widget-spacer.elementor-widget-empty .elementor-widget-empty-icon,.e-con>.elementor-widget-spacer.elementor-widget-empty .elementor-widget-empty-icon{position:absolute;top:0;bottom:0;left:0;right:0;margin:auto;padding:0;width:22px;height:22px}<\/style>\t\t<div class=\"elementor-spacer\">\n\t\t\t<div class=\"elementor-spacer-inner\"><\/div>\n\t\t<\/div>\n\t\t\t\t<\/div>\n\t\t\t\t<\/div>\n\t\t\t\t\t<\/div>\n\t\t<\/div>\n\t\t\t\t\t<\/div>\n\t\t<\/section>\n\t\t\t\t<section class=\"elementor-section elementor-top-section elementor-element elementor-element-9c4dd57 elementor-section-boxed elementor-section-height-default elementor-section-height-default\" data-id=\"9c4dd57\" data-element_type=\"section\">\n\t\t\t\t\t\t<div class=\"elementor-container elementor-column-gap-default\">\n\t\t\t\t\t<div class=\"elementor-column elementor-col-33 elementor-top-column elementor-element elementor-element-2706711\" data-id=\"2706711\" data-element_type=\"column\">\n\t\t\t<div class=\"elementor-widget-wrap elementor-element-populated\">\n\t\t\t\t\t\t<div class=\"elementor-element elementor-element-10cf1d3 elementor-widget elementor-widget-image\" data-id=\"10cf1d3\" data-element_type=\"widget\" data-widget_type=\"image.default\">\n\t\t\t\t<div class=\"elementor-widget-container\">\n\t\t\t<style>\/*! elementor - v3.19.0 - 29-01-2024 *\/\n.elementor-widget-image{text-align:center}.elementor-widget-image a{display:inline-block}.elementor-widget-image a img[src$=\".svg\"]{width:48px}.elementor-widget-image img{vertical-align:middle;display:inline-block}<\/style>\t\t\t\t\t\t\t\t\t\t<img fetchpriority=\"high\" decoding=\"async\" width=\"640\" height=\"722\" src=\"https:\/\/faracodeazevedo.com.br\/wp-content\/uploads\/2021\/11\/Helio-Faraco-de-Azevedo.jpg\" class=\"attachment-large size-large wp-image-9130\" alt=\"\" srcset=\"https:\/\/faracodeazevedo.com.br\/wp-content\/uploads\/2021\/11\/Helio-Faraco-de-Azevedo.jpg 700w, https:\/\/faracodeazevedo.com.br\/wp-content\/uploads\/2021\/11\/Helio-Faraco-de-Azevedo-266x300.jpg 266w\" sizes=\"(max-width: 34.9rem) calc(100vw - 2rem), (max-width: 53rem) calc(8 * (100vw \/ 12)), (min-width: 53rem) calc(6 * (100vw \/ 12)), 100vw\" \/>\t\t\t\t\t\t\t\t\t\t\t\t\t<\/div>\n\t\t\t\t<\/div>\n\t\t\t\t\t<\/div>\n\t\t<\/div>\n\t\t\t\t<div class=\"elementor-column elementor-col-66 elementor-top-column elementor-element elementor-element-b67f3e1\" data-id=\"b67f3e1\" data-element_type=\"column\">\n\t\t\t<div class=\"elementor-widget-wrap elementor-element-populated\">\n\t\t\t\t\t\t<div class=\"elementor-element elementor-element-45bd207 elementor-widget elementor-widget-text-editor\" data-id=\"45bd207\" data-element_type=\"widget\" data-widget_type=\"text-editor.default\">\n\t\t\t\t<div class=\"elementor-widget-container\">\n\t\t\t<style>\/*! elementor - v3.19.0 - 29-01-2024 *\/\n.elementor-widget-text-editor.elementor-drop-cap-view-stacked .elementor-drop-cap{background-color:#69727d;color:#fff}.elementor-widget-text-editor.elementor-drop-cap-view-framed .elementor-drop-cap{color:#69727d;border:3px solid;background-color:transparent}.elementor-widget-text-editor:not(.elementor-drop-cap-view-default) .elementor-drop-cap{margin-top:8px}.elementor-widget-text-editor:not(.elementor-drop-cap-view-default) .elementor-drop-cap-letter{width:1em;height:1em}.elementor-widget-text-editor .elementor-drop-cap{float:left;text-align:center;line-height:1;font-size:50px}.elementor-widget-text-editor .elementor-drop-cap-letter{display:inline-block}<\/style>\t\t\t\t<h2>H\u00e9lio Faraco de Azevedo<\/h2>\t\t\t\t\t\t<\/div>\n\t\t\t\t<\/div>\n\t\t\t\t<div class=\"elementor-element elementor-element-8885a00 elementor-widget elementor-widget-text-editor\" data-id=\"8885a00\" data-element_type=\"widget\" data-widget_type=\"text-editor.default\">\n\t\t\t\t<div class=\"elementor-widget-container\">\n\t\t\t\t\t\t\t<p><a href=\"mailto:helio@faracodeazevedo.com.br\">helio@faracodeazevedo.com.br<\/a><\/p>\t\t\t\t\t\t<\/div>\n\t\t\t\t<\/div>\n\t\t\t\t<div class=\"elementor-element elementor-element-3b27d5c elementor-widget elementor-widget-text-editor\" data-id=\"3b27d5c\" data-element_type=\"widget\" data-widget_type=\"text-editor.default\">\n\t\t\t\t<div class=\"elementor-widget-container\">\n\t\t\t\t\t\t\t<p>\u00b7 Nascido em Alegrete, RS, 1928; Educa\u00e7\u00e3o: Pontif\u00edcia Universidade Cat\u00f3lica do Rio Grande do Sul (Advogado 1953).<\/p><p>\u00b7 Professor Assistente em Direito Internacional na Pontif\u00edcia Universidade Cat\u00f3lica do Rio Grande do Sul (1954\/1955).<\/p><p>\u00b7 Consultor Jur\u00eddico do Estado do Rio Grande do Sul (1955\/1963).<\/p><p>\u00b7 Chefe da Consultoria Jur\u00eddica, Gabinete de Assessoramento e Planejamento do Governo Estado (1966\/1968).<\/p><p>\u00b7 Professor convidado da Escola de Engenharia, Organiza\u00e7\u00e3o Corporativa (1959\/1965).<\/p><p>\u00b7 Consultor Legal do Tribunal de Contas do Rio Grande do Sul (1971\/1980).<\/p><p>\u00b7 South American Business Law Group (Membro Fundador e seu Primeiro Presidente).<\/p><p>\u00b7 Membro do Tribunal de Arbitragem do Mercosul (desde julho, 1993).<\/p><p>\u00b7 Ordem dos Advogados do Brasil, Instituto dos Advogados do Rio Grande do Sul, da Sociedade dos Advogados Trabalhistas de Empresas no Rio Grande do Sul e Instituto Nacional de Media\u00e7\u00e3o e Arbitragem.<\/p><p>\u00b7 Ordem do M\u00e9rito Judicial do Trabalho, concedida pelo Tribunal Superior do Trabalho (1997), no grau Comendador.<\/p><p>\u00b7 Medalha Osvaldo Vergara concedida OAB\/RS pelos relevantes servi\u00e7os prestados \u00e0 classe dos advogados.<\/p><p>\u00b7 T\u00edtulo de Cidad\u00e3o Honor\u00e1rio de Porto Alegre, concedido, por unanimidade, pela C\u00e2mara Municipal no ano de 2001.<\/p><p>\u00b7 T\u00edtulo de Advogado Em\u00e9rito pela SATERGS. T\u00edtulo de Advogado Em\u00e9rito \u2013 Comenda da Ordem Honor\u00edfica do Instituto dos Advogados do RS \u2013 IARGS<\/p><p>\u00b7 Patrono da Conven\u00e7\u00e3o Interdistrital do Lions, honraria decidida por unanimidade pelo conselho de governadores, presidida pelo PDG Claudio Mendes, Porto Alegre 20 a 23 de maio de 2015.<\/p>\t\t\t\t\t\t<\/div>\n\t\t\t\t<\/div>\n\t\t\t\t\t<\/div>\n\t\t<\/div>\n\t\t\t\t\t<\/div>\n\t\t<\/section>\n\t\t\t\t<\/div>\n\t\t","protected":false},"excerpt":{"rendered":"<p>H\u00e9lio Faraco de Azevedo helio@faracodeazevedo.com.br \u00b7 Nascido em Alegrete, RS, 1928; Educa\u00e7\u00e3o: Pontif\u00edcia Universidade Cat\u00f3lica do Rio Grande do Sul (Advogado 1953). \u00b7 Professor Assistente em Direito Internacional na Pontif\u00edcia Universidade Cat\u00f3lica do Rio Grande do Sul (1954\/1955). \u00b7 Consultor Jur\u00eddico do Estado do Rio Grande do Sul (1955\/1963). \u00b7 Chefe da Consultoria Jur\u00eddica, Gabinete &hellip; <\/p>\n<p class=\"link-more\"><a href=\"https:\/\/faracodeazevedo.com.br\/index.php\/helio-faraco-de-azevedo\/\" class=\"more-link\">Continue lendo<span class=\"screen-reader-text\"> &#8220;H\u00e9lio Faraco de Azevedo&#8221;<\/span><\/a><\/p>\n","protected":false},"author":1,"featured_media":0,"parent":0,"menu_order":0,"comment_status":"closed","ping_status":"closed","template":"elementor_header_footer","meta":{"footnotes":""},"class_list":["post-9173","page","type-page","status-publish","hentry","entry"],"_links":{"self":[{"href":"https:\/\/faracodeazevedo.com.br\/index.php\/wp-json\/wp\/v2\/pages\/9173","targetHints":{"allow":["GET"]}}],"collection":[{"href":"https:\/\/faracodeazevedo.com.br\/index.php\/wp-json\/wp\/v2\/pages"}],"about":[{"href":"https:\/\/faracodeazevedo.com.br\/index.php\/wp-json\/wp\/v2\/types\/page"}],"author":[{"embeddable":true,"href":"https:\/\/faracodeazevedo.com.br\/index.php\/wp-json\/wp\/v2\/users\/1"}],"replies":[{"embeddable":true,"href":"https:\/\/faracodeazevedo.com.br\/index.php\/wp-json\/wp\/v2\/comments?post=9173"}],"version-history":[{"count":10,"href":"https:\/\/faracodeazevedo.com.br\/index.php\/wp-json\/wp\/v2\/pages\/9173\/revisions"}],"predecessor-version":[{"id":9186,"href":"https:\/\/faracodeazevedo.com.br\/index.php\/wp-json\/wp\/v2\/pages\/9173\/revisions\/9186"}],"wp:attachment":[{"href":"https:\/\/faracodeazevedo.com.br\/index.php\/wp-json\/wp\/v2\/media?parent=9173"}],"curies":[{"name":"wp","href":"https:\/\/api.w.org\/{rel}","templated":true}]}}